{"id":45,"date":"2016-03-15T19:20:35","date_gmt":"2016-03-15T19:20:35","guid":{"rendered":"http:\/\/temporal.isabelricciardi.com\/?page_id=45"},"modified":"2023-03-09T13:31:27","modified_gmt":"2023-03-09T13:31:27","slug":"vocal-coach","status":"publish","type":"page","link":"https:\/\/isabelricciardi.com\/es\/vocal-coach\/","title":{"rendered":"VOCAL COACH"},"content":{"rendered":"<p>[vc_row row_type=\u00bbrow\u00bb use_row_as_full_screen_section=\u00bbno\u00bb type=\u00bbfull_width\u00bb oblique_section=\u00bbno\u00bb text_align=\u00bbleft\u00bb triangle_shape=\u00bbno\u00bb css_animation=\u00bb\u00bb box_shadow_on_row=\u00bbno\u00bb][vc_column][no_vertical_split_slider background_color=\u00bb#fff8dc\u00bb][no_vertical_left_sliding_panel][no_vertical_slide_content_item background_image=\u00bb52494&#8243; alignment=\u00bbright\u00bb header_style=\u00bblight\u00bb][\/no_vertical_slide_content_item][\/no_vertical_left_sliding_panel][no_vertical_right_sliding_panel][no_vertical_slide_content_item background_color=\u00bb#201a3e\u00bb background_image=\u00bb31&#8243; alignment=\u00bbright\u00bb header_style=\u00bblight\u00bb][no_elements_holder number_of_columns=\u00bbtwo_columns\u00bb][no_elements_holder_item item_padding=\u00bb0 10% 0 10%\u00bb aligment=\u00bbleft\u00bb vertical_alignment=\u00bbmiddle\u00bb advanced_animations=\u00bbno\u00bb item_padding_1000_1300=\u00bb0 20px 0 20px \u00bb item_padding_768_1000=\u00bb0 20px 0 20px \u00bb item_padding_600_768=\u00bb0 20px 0 20px \u00bb item_padding_480_600=\u00bb0 20px 0 20px \u00bb item_padding_480=\u00bb0 20px 0 20px \u00ab][vc_separator type=\u00bbsmall\u00bb position=\u00bbleft\u00bb color=\u00bb#fff8dc\u00bb border_style=\u00bbdotted\u00bb width=\u00bb230&#8243; up=\u00bb20&#8243; down=\u00bb20&#8243;][vc_column_text]<\/p>\n<h4><span style=\"color: #9a7d0a;\">VOCAL COACH<\/span><\/h4>\n<p>[\/vc_column_text][vc_separator type=\u00bbtransparent\u00bb][vc_column_text]<\/p>\n<h5><span style=\"color: #fff8dc;\"><strong>El arte del buen hablar, cantar, declamar y recitar<\/strong><\/span><\/h5>\n<p>[\/vc_column_text][vc_separator type=\u00bbtransparent\u00bb][vc_column_text]<\/p>\n<blockquote><p><span style=\"color: #fff8dc;\">\u00abJulio C\u00e9sar posee una manera de hablar elegante y espl\u00e9ndida, tambi\u00e9n magn\u00edfica y generosa. Esto explica el dominio y la sugesti\u00f3n que \u00e9l ejercita sobre sus legionarios\u00bb<\/span><\/p><\/blockquote>\n<h6><span style=\"color: #fff8dc;\"><em>Cicer\u00f3n<\/em><\/span><\/h6>\n<p>[\/vc_column_text][vc_separator type=\u00bbtransparent\u00bb up=\u00bb30&#8243; down=\u00bb30&#8243;]<a href=\"https:\/\/isabelricciardi.com\/es\/vocal-coach-info\/\" target=\"_self\" data-hover-background-color=#201a3e data-hover-color=#fff8dc  class=\"qbutton  small icon_right\" style=\"color: #fff8dc; \">Comparte mi experiencia<\/a>[vc_empty_space image_repeat=\u00bbno-repeat\u00bb][\/no_elements_holder_item][\/no_elements_holder][\/no_vertical_slide_content_item][\/no_vertical_right_sliding_panel][\/no_vertical_split_slider][\/vc_column][\/vc_row]<\/p>\n","protected":false},"excerpt":{"rendered":"<p>[vc_row row_type=\u00bbrow\u00bb use_row_as_full_screen_section=\u00bbno\u00bb type=\u00bbfull_width\u00bb oblique_section=\u00bbno\u00bb text_align=\u00bbleft\u00bb triangle_shape=\u00bbno\u00bb css_animation=\u00bb\u00bb box_shadow_on_row=\u00bbno\u00bb][vc_column][no_vertical_split_slider background_color=\u00bb#fff8dc\u00bb][no_vertical_left_sliding_panel][no_vertical_slide_content_item background_image=\u00bb52494&#8243; alignment=\u00bbright\u00bb header_style=\u00bblight\u00bb][\/no_vertical_slide_content_item][\/no_vertical_left_sliding_panel][no_vertical_right_sliding_panel][no_vertical_slide_content_item background_color=\u00bb#201a3e\u00bb background_image=\u00bb31&#8243; alignment=\u00bbright\u00bb header_style=\u00bblight\u00bb][no_elements_holder number_of_columns=\u00bbtwo_columns\u00bb][no_elements_holder_item item_padding=\u00bb0 10% 0 10%\u00bb aligment=\u00bbleft\u00bb vertical_alignment=\u00bbmiddle\u00bb advanced_animations=\u00bbno\u00bb item_padding_1000_1300=\u00bb0 20px 0 20px \u00bb item_padding_768_1000=\u00bb0 20px 0 20px \u00bb item_padding_600_768=\u00bb0 20px 0 20px \u00bb item_padding_480_600=\u00bb0 20px 0 20px \u00bb&#8230;<\/p>\n","protected":false},"author":2,"featured_media":0,"parent":0,"menu_order":0,"comment_status":"closed","ping_status":"closed","template":"full_width.php","meta":{"footnotes":""},"class_list":["post-45","page","type-page","status-publish","hentry"],"_links":{"self":[{"href":"https:\/\/isabelricciardi.com\/es\/wp-json\/wp\/v2\/pages\/45","targetHints":{"allow":["GET"]}}],"collection":[{"href":"https:\/\/isabelricciardi.com\/es\/wp-json\/wp\/v2\/pages"}],"about":[{"href":"https:\/\/isabelricciardi.com\/es\/wp-json\/wp\/v2\/types\/page"}],"author":[{"embeddable":true,"href":"https:\/\/isabelricciardi.com\/es\/wp-json\/wp\/v2\/users\/2"}],"replies":[{"embeddable":true,"href":"https:\/\/isabelricciardi.com\/es\/wp-json\/wp\/v2\/comments?post=45"}],"version-history":[{"count":117,"href":"https:\/\/isabelricciardi.com\/es\/wp-json\/wp\/v2\/pages\/45\/revisions"}],"predecessor-version":[{"id":53029,"href":"https:\/\/isabelricciardi.com\/es\/wp-json\/wp\/v2\/pages\/45\/revisions\/53029"}],"wp:attachment":[{"href":"https:\/\/isabelricciardi.com\/es\/wp-json\/wp\/v2\/media?parent=45"}],"curies":[{"name":"wp","href":"https:\/\/api.w.org\/{rel}","templated":true}]}}