{"id":50777,"date":"2016-03-23T16:14:40","date_gmt":"2016-03-23T16:14:40","guid":{"rendered":"http:\/\/temporal.isabelricciardi.com\/?page_id=50777"},"modified":"2017-04-07T18:05:24","modified_gmt":"2017-04-07T18:05:24","slug":"precios","status":"publish","type":"page","link":"https:\/\/isabelricciardi.com\/es\/precios\/","title":{"rendered":"PRECIOS"},"content":{"rendered":"<p>[vc_row row_type=\u00bbrow\u00bb use_row_as_full_screen_section=\u00bbno\u00bb type=\u00bbfull_width\u00bb oblique_section=\u00bbno\u00bb text_align=\u00bbleft\u00bb triangle_shape=\u00bbno\u00bb css_animation=\u00bb\u00bb box_shadow_on_row=\u00bbno\u00bb][vc_column][vc_separator type=\u00bbnormal\u00bb color=\u00bb#173c4f\u00bb border_style=\u00bbdotted\u00bb up=\u00bb25&#8243; down=\u00bb25&#8243;][vc_column_text]<\/p>\n<h3><span style=\"color: #9a7d0a;\">Precios\u00a0acordes al tipo de espect\u00e1culo<\/span><\/h3>\n<p>&nbsp;<\/p>\n<h5><span style=\"color: #173c4f;\">El espect\u00e1culo se personaliza acorde al estilo de cada evento, de modo que el precio var\u00eda seg\u00fan el n\u00famero y tipo de piezas interpretadas, el tipo de acompa\u00f1amiento musical, n\u00famero de asistentes, coreograf\u00eda y cambio de vestuario, luces, etc.<\/span><\/h5>\n<h5><span style=\"color: #173c4f;\">Disponemos desde un formato sencillo, cuyo precio b\u00e1sico es de 200 \u20ac, hasta opciones m\u00e1s sofisticadas con infinitas posibilidades, capaces de ajustarse a cualquiera que sea tu idea y presupuesto.<\/span><\/h5>\n<p>[\/vc_column_text][vc_separator type=\u00bbnormal\u00bb color=\u00bb#173c4f\u00bb border_style=\u00bbdotted\u00bb up=\u00bb25&#8243; down=\u00bb25&#8243;][\/vc_column][\/vc_row][vc_row row_type=\u00bbrow\u00bb use_row_as_full_screen_section=\u00bbno\u00bb type=\u00bbfull_width\u00bb oblique_section=\u00bbno\u00bb text_align=\u00bbleft\u00bb triangle_shape=\u00bbno\u00bb css_animation=\u00bb\u00bb box_shadow_on_row=\u00bbno\u00bb][vc_column width=\u00bb1\/3&#8243;][vc_single_image image=\u00bb52538&#8243; img_size=\u00bb350&#215;200&#8243; alignment=\u00bbcenter\u00bb edgt_css_animation=\u00bb\u00bb][vc_separator type=\u00bbnormal\u00bb color=\u00bb#173c4f\u00bb border_style=\u00bbdotted\u00bb up=\u00bb20&#8243; down=\u00bb20&#8243;][vc_column_text]<\/p>\n<h3 style=\"text-align: center;\"><span style=\"color: #9a7d0a;\">Espect\u00e1culo b\u00e1sico<\/span><\/h3>\n<p>&nbsp;<\/p>\n<p style=\"text-align: center;\"><span style=\"color: #173c4f;\"><em>5 arias con\u00a0cambio de vestuario y\u00a0bases musicales<\/em><\/span><\/p>\n<p style=\"text-align: center;\"><span style=\"color: #173c4f;\"><em>Primera parte: 1 aria<\/em><\/span><\/p>\n<p style=\"text-align: center;\"><span style=\"color: #173c4f;\"><em>Segunda parte: 2 arias<\/em><\/span><\/p>\n<p style=\"text-align: center;\"><span style=\"color: #173c4f;\"><em>Tercera parte: 2 arias<\/em><\/span><\/p>\n<p style=\"text-align: center;\"><span style=\"color: #173c4f;\"><em>(45 minutos)<\/em><\/span><\/p>\n<p>[\/vc_column_text][vc_separator type=\u00bbtransparent\u00bb][\/vc_column][vc_column width=\u00bb1\/3&#8243;][vc_single_image image=\u00bb52539&#8243; img_size=\u00bb350&#215;200&#8243; alignment=\u00bbcenter\u00bb edgt_css_animation=\u00bb\u00bb][vc_separator type=\u00bbnormal\u00bb color=\u00bb#173c4f\u00bb border_style=\u00bbdotted\u00bb up=\u00bb20&#8243; down=\u00bb20&#8243;][vc_column_text]<\/p>\n<h3 style=\"text-align: center;\"><span style=\"color: #9a7d0a;\">Toque emotivo<\/span><\/h3>\n<p>&nbsp;<\/p>\n<p style=\"text-align: center;\"><span style=\"color: #173c4f;\"><em>2 arias con\u00a0cambio de vestuario<\/em><\/span><\/p>\n<p style=\"text-align: center;\"><span style=\"color: #173c4f;\"><em>2 arias sin cambio de vestuario<\/em><\/span><\/p>\n<p style=\"text-align: center;\"><span style=\"color: #173c4f;\"><em>(15 minutos)<\/em><\/span><\/p>\n<p>[\/vc_column_text][vc_separator type=\u00bbtransparent\u00bb][\/vc_column][vc_column width=\u00bb1\/3&#8243;][vc_single_image image=\u00bb52540&#8243; img_size=\u00bb350&#215;200&#8243; alignment=\u00bbcenter\u00bb edgt_css_animation=\u00bb\u00bb][vc_separator type=\u00bbnormal\u00bb color=\u00bb#173c4f\u00bb border_style=\u00bbdotted\u00bb up=\u00bb20&#8243; down=\u00bb20&#8243;][vc_column_text]<\/p>\n<h3 style=\"text-align: center;\"><span style=\"color: #9a7d0a;\">Especial Novios<\/span><\/h3>\n<p>&nbsp;<\/p>\n<p style=\"text-align: center;\"><span style=\"color: #173c4f;\"><em>Ceremonia nupcial religiosa o civil + Espect\u00e1culo b\u00e1sico en la fiesta de la boda o en la despedida de solteros.<\/em><\/span><\/p>\n<p>[\/vc_column_text][vc_separator type=\u00bbtransparent\u00bb][vc_column_text]<\/p>\n<p style=\"text-align: center;\"><span style=\"color: #173c4f;\"><em>Ceremonia nupcial religiosa o civil + Toque emotivo en la fiesta de la boda o en la despedida de solteros.<\/em><\/span><\/p>\n<p>[\/vc_column_text][vc_separator type=\u00bbtransparent\u00bb][\/vc_column][\/vc_row][vc_row row_type=\u00bbrow\u00bb use_row_as_full_screen_section=\u00bbno\u00bb type=\u00bbfull_width\u00bb oblique_section=\u00bbno\u00bb text_align=\u00bbleft\u00bb triangle_shape=\u00bbno\u00bb css_animation=\u00bb\u00bb box_shadow_on_row=\u00bbno\u00bb][vc_column][vc_separator type=\u00bbnormal\u00bb color=\u00bb#173c4f\u00bb border_style=\u00bbdotted\u00bb][vc_empty_space height=\u00bb30px\u00bb image_repeat=\u00bbno-repeat\u00bb][\/vc_column][\/vc_row]<\/p>\n","protected":false},"excerpt":{"rendered":"<p>[vc_row row_type=\u00bbrow\u00bb use_row_as_full_screen_section=\u00bbno\u00bb type=\u00bbfull_width\u00bb oblique_section=\u00bbno\u00bb text_align=\u00bbleft\u00bb triangle_shape=\u00bbno\u00bb css_animation=\u00bb\u00bb box_shadow_on_row=\u00bbno\u00bb][vc_column][vc_separator type=\u00bbnormal\u00bb color=\u00bb#173c4f\u00bb border_style=\u00bbdotted\u00bb up=\u00bb25&#8243; down=\u00bb25&#8243;][vc_column_text] Precios\u00a0acordes al tipo de espect\u00e1culo &nbsp; El espect\u00e1culo se personaliza acorde al estilo de cada evento, de modo que el precio var\u00eda seg\u00fan el n\u00famero y tipo de piezas interpretadas, el&#8230;<\/p>\n","protected":false},"author":2,"featured_media":0,"parent":0,"menu_order":0,"comment_status":"closed","ping_status":"closed","template":"","meta":{"footnotes":""},"class_list":["post-50777","page","type-page","status-publish","hentry"],"_links":{"self":[{"href":"https:\/\/isabelricciardi.com\/es\/wp-json\/wp\/v2\/pages\/50777","targetHints":{"allow":["GET"]}}],"collection":[{"href":"https:\/\/isabelricciardi.com\/es\/wp-json\/wp\/v2\/pages"}],"about":[{"href":"https:\/\/isabelricciardi.com\/es\/wp-json\/wp\/v2\/types\/page"}],"author":[{"embeddable":true,"href":"https:\/\/isabelricciardi.com\/es\/wp-json\/wp\/v2\/users\/2"}],"replies":[{"embeddable":true,"href":"https:\/\/isabelricciardi.com\/es\/wp-json\/wp\/v2\/comments?post=50777"}],"version-history":[{"count":62,"href":"https:\/\/isabelricciardi.com\/es\/wp-json\/wp\/v2\/pages\/50777\/revisions"}],"predecessor-version":[{"id":52831,"href":"https:\/\/isabelricciardi.com\/es\/wp-json\/wp\/v2\/pages\/50777\/revisions\/52831"}],"wp:attachment":[{"href":"https:\/\/isabelricciardi.com\/es\/wp-json\/wp\/v2\/media?parent=50777"}],"curies":[{"name":"wp","href":"https:\/\/api.w.org\/{rel}","templated":true}]}}