{"id":50947,"date":"2016-03-29T11:11:56","date_gmt":"2016-03-29T11:11:56","guid":{"rendered":"http:\/\/temporal.isabelricciardi.com\/?page_id=50947"},"modified":"2023-03-09T16:32:19","modified_gmt":"2023-03-09T16:32:19","slug":"espectaculos-artistico-musicales","status":"publish","type":"page","link":"https:\/\/isabelricciardi.com\/es\/espectaculos-artistico-musicales\/","title":{"rendered":"ESPECT\u00c1CULOS ART\u00cdSTICO-MUSICALES (Portfolio)"},"content":{"rendered":"<p>[vc_row row_type=\u00bbrow\u00bb use_row_as_full_screen_section=\u00bbno\u00bb type=\u00bbfull_width\u00bb oblique_section=\u00bbno\u00bb text_align=\u00bbleft\u00bb triangle_shape=\u00bbno\u00bb css_animation=\u00bb\u00bb box_shadow_on_row=\u00bbno\u00bb css=\u00bb.vc_custom_1411479622940{padding-top: 10px !important;padding-bottom: 10px !important;background-color: #ededed !important;background-position: center !important;background-repeat: no-repeat !important;background-size: cover !important;}\u00bb][vc_column width=\u00bb1\/3&#8243;][vc_separator type=\u00bbtransparent\u00bb][vc_single_image image=\u00bb52965&#8243; img_size=\u00bb\u00bb alignment=\u00bbcenter\u00bb edgt_css_animation=\u00bb\u00bb][vc_separator type=\u00bbtransparent\u00bb][vc_column_text]<span style=\"color: #173c4f;\"><strong>Recital de \u00f3pera presentado en un elegante y entretenido espect\u00e1culo\u00a0de teatro cabaret:<\/strong> convertimos tu fiesta en un escenario de\u00a0l\u00edrica donde canto, interpretaci\u00f3n y coreograf\u00eda se entrelazan para regalar\u00a0emociones a tus invitados.<\/span><\/p>\n<p>&nbsp;<\/p>\n<p><span style=\"color: #173c4f;\"><strong>Nuestro objetivo es ayudarte a realzar tu celebraci\u00f3n con un toque\u00a0art\u00edstico y exclusivo<\/strong> que le dar\u00e1 un sello distintivo de originalidad,\u00a0extravagancia, fantas\u00eda e inspiraci\u00f3n.<\/span><\/p>\n<p>&nbsp;<\/p>\n<p><span style=\"color: #173c4f;\"><strong>Personalizamos cuidadosamente al detalle cada espect\u00e1culo a tu gusto\u00a0y medida:<\/strong> puedes escoger un variad\u00edsimo abanico tem\u00e1tico de conciertos\u00a0para adaptarlo a la coreograf\u00eda, duraci\u00f3n, estructura y lugar que desees.<\/span><\/p>\n<p>&nbsp;<\/p>\n<p><span style=\"color: #173c4f;\"><strong>Experiencia profesional en todo tipo de ocasiones:<\/strong> eventos\u00a0institucionales, empresariales, tur\u00edsticos y sociales (convenciones, ferias,\u00a0congresos, conferencias, seminarios, inauguraciones, presentaciones de\u00a0producto, exposiciones, fiestas, cocktails, efem\u00e9rides, bodas, despedidas de\u00a0soltera).<\/span>[\/vc_column_text][\/vc_column][vc_column width=\u00bb2\/3&#8243;][vc_separator type=\u00bbtransparent\u00bb][vc_single_image image=\u00bb52464&#8243; img_size=\u00bb730&#215;590&#8243; alignment=\u00bbcenter\u00bb edgt_css_animation=\u00bb\u00bb][vc_separator type=\u00bbtransparent\u00bb up=\u00bb20&#8243; down=\u00bb20&#8243;][vc_video link=\u00bbhttps:\/\/vimeo.com\/101285662&#8243;][vc_separator type=\u00bbtransparent\u00bb up=\u00bb10&#8243; down=\u00bb20&#8243;][\/vc_column][\/vc_row]<\/p>\n","protected":false},"excerpt":{"rendered":"<p>[vc_row row_type=\u00bbrow\u00bb use_row_as_full_screen_section=\u00bbno\u00bb type=\u00bbfull_width\u00bb oblique_section=\u00bbno\u00bb text_align=\u00bbleft\u00bb triangle_shape=\u00bbno\u00bb css_animation=\u00bb\u00bb box_shadow_on_row=\u00bbno\u00bb css=\u00bb.vc_custom_1411479622940{padding-top: 10px !important;padding-bottom: 10px !important;background-color: #ededed !important;background-position: center !important;background-repeat: no-repeat !important;background-size: cover !important;}\u00bb][vc_column width=\u00bb1\/3&#8243;][vc_separator type=\u00bbtransparent\u00bb][vc_single_image image=\u00bb52965&#8243; img_size=\u00bb\u00bb alignment=\u00bbcenter\u00bb edgt_css_animation=\u00bb\u00bb][vc_separator type=\u00bbtransparent\u00bb][vc_column_text]Recital de \u00f3pera presentado en un elegante y entretenido espect\u00e1culo\u00a0de teatro cabaret: convertimos tu fiesta en un&#8230;<\/p>\n","protected":false},"author":2,"featured_media":0,"parent":0,"menu_order":0,"comment_status":"closed","ping_status":"closed","template":"","meta":{"footnotes":""},"class_list":["post-50947","page","type-page","status-publish","hentry"],"_links":{"self":[{"href":"https:\/\/isabelricciardi.com\/es\/wp-json\/wp\/v2\/pages\/50947","targetHints":{"allow":["GET"]}}],"collection":[{"href":"https:\/\/isabelricciardi.com\/es\/wp-json\/wp\/v2\/pages"}],"about":[{"href":"https:\/\/isabelricciardi.com\/es\/wp-json\/wp\/v2\/types\/page"}],"author":[{"embeddable":true,"href":"https:\/\/isabelricciardi.com\/es\/wp-json\/wp\/v2\/users\/2"}],"replies":[{"embeddable":true,"href":"https:\/\/isabelricciardi.com\/es\/wp-json\/wp\/v2\/comments?post=50947"}],"version-history":[{"count":91,"href":"https:\/\/isabelricciardi.com\/es\/wp-json\/wp\/v2\/pages\/50947\/revisions"}],"predecessor-version":[{"id":52996,"href":"https:\/\/isabelricciardi.com\/es\/wp-json\/wp\/v2\/pages\/50947\/revisions\/52996"}],"wp:attachment":[{"href":"https:\/\/isabelricciardi.com\/es\/wp-json\/wp\/v2\/media?parent=50947"}],"curies":[{"name":"wp","href":"https:\/\/api.w.org\/{rel}","templated":true}]}}