{"id":50992,"date":"2016-03-29T13:46:03","date_gmt":"2016-03-29T13:46:03","guid":{"rendered":"http:\/\/temporal.isabelricciardi.com\/?page_id=50992"},"modified":"2018-12-05T13:20:43","modified_gmt":"2018-12-05T13:20:43","slug":"vocal-coach-ver-mas","status":"publish","type":"page","link":"https:\/\/isabelricciardi.com\/es\/vocal-coach-info\/","title":{"rendered":"VOCAL COACH_OK (Ver m\u00e1s)"},"content":{"rendered":"<p>[vc_row row_type=\u00bbrow\u00bb use_row_as_full_screen_section=\u00bbno\u00bb type=\u00bbfull_width\u00bb oblique_section=\u00bbno\u00bb text_align=\u00bbleft\u00bb triangle_shape=\u00bbno\u00bb css_animation=\u00bb\u00bb box_shadow_on_row=\u00bbno\u00bb css=\u00bb.vc_custom_1411479622940{padding-top: 10px !important;padding-bottom: 10px !important;background-color: #ededed !important;background-position: center !important;background-repeat: no-repeat !important;background-size: cover !important;}\u00bb][vc_column width=\u00bb2\/3&#8243;][vc_empty_space height=\u00bb50&#8243; image_repeat=\u00bbno-repeat\u00bb][vc_single_image image=\u00bb52490&#8243; img_size=\u00bb780&#215;360&#8243; edgt_css_animation=\u00bb\u00bb][vc_separator type=\u00bbnormal\u00bb color=\u00bb#6c6965&#8243; border_style=\u00bbdotted\u00bb up=\u00bb20&#8243; down=\u00bb20&#8243;][vc_tabs style=\u00bbhorizontal_left\u00bb tab_type_default=\u00bbwith_borders\u00bb border_type_default=\u00bbborder_arround_active_tab\u00bb space_between_tab_and_content=\u00bb18 px\u00bb][vc_tab icon_pack=\u00bbfont_elegant\u00bb fe_icon=\u00bb\u00bb title=\u00bbPARA QUIEN\u00bb tab_id=\u00bb7a6cc311-2c26-8&#8243;][vc_column_text]<\/p>\n<ul>\n<li><span style=\"color: #173c4f;\"><em>Para profesionales que necesiten utilizar la voz en p\u00fablico: abogados, m\u00e9dicos, profesores, empresarios, etc.\u00a0<\/em><\/span><\/li>\n<li><span style=\"color: #173c4f;\"><em>Personas que deseen hacer un trabajo de b\u00fasqueda personal para controlar su voz, y con la cual se puedan reconocer y complacer.<\/em><\/span><\/li>\n<li><span style=\"color: #173c4f;\"><em>Qui\u00e9nes est\u00e9n interesados en cantar, principiantes y profesionales.<\/em><\/span><\/li>\n<\/ul>\n<p>[\/vc_column_text][\/vc_tab][vc_tab icon_pack=\u00bbfont_elegant\u00bb fe_icon=\u00bb\u00bb title=\u00bbOBJETIVOS\u00bb tab_id=\u00bb1459260615122-3-3&#8243;][vc_column_text]<\/p>\n<ul>\n<li><span style=\"color: #173c4f;\"><em>Aprender a cuidar la voz para darle una base saludable y s\u00f3lida.<\/em><\/span><\/li>\n<\/ul>\n<p>&nbsp;<\/p>\n<ul>\n<li><span style=\"color: #173c4f;\"><em>Identificar la voz propia y descubrir sus posibilidades naturales, desarrollando y enriqueciendo sus cualidades t\u00edmbricas, a la vez que la convertimos en flexible, expresiva e infatigable.<\/em><\/span><\/li>\n<\/ul>\n<p>&nbsp;<\/p>\n<ul>\n<li><span style=\"color: #173c4f;\"><em>Aplicar estas bases al habla o canto, desarrollando el g\u00e9nero o estilo que\u00a0<\/em><em>quieres interpretar sin olvidar de resaltar tu sello personal.<\/em><\/span><\/li>\n<\/ul>\n<p>&nbsp;<\/p>\n<p><span style=\"color: #173c4f;\"><em>Todo aprendizaje corporal requiere de un procedimiento repetitivo durante un tiempo para incorporar la nueva informaci\u00f3n en la memoria muscular. Es por esto que despu\u00e9s de cada clase el participante se lleva consigo los <strong>conocimientos y ejercicios que puede practicar de forma aut\u00f3noma<\/strong> y descubrir mejoras con el tiempo sin necesitar m\u00e1s mi ayuda.<\/em><\/span>[\/vc_column_text][\/vc_tab][vc_tab icon_pack=\u00bbfont_elegant\u00bb fe_icon=\u00bb\u00bb title=\u00bbT\u00c9CNICA\u00bb tab_id=\u00bb78ff5214-d4c2-2&#8243;][vc_column_text]<\/p>\n<ul>\n<li><span style=\"color: #173c4f;\"><em>Comprensi\u00f3n del mecanismo de la voz (anatom\u00eda funcional).\u00a0<\/em><\/span><\/li>\n<li><span style=\"color: #173c4f;\"><em>Constataci\u00f3n de su estado de salud, nivel de posibilidades y de dominio.<\/em><\/span><\/li>\n<li><span style=\"color: #173c4f;\"><em>Fijaci\u00f3n de objetivos que se consiguen a trav\u00e9s de la realizaci\u00f3n de ejercicios personalizados.<\/em><\/span><\/li>\n<\/ul>\n<p>&nbsp;<\/p>\n<p><span style=\"color: #173c4f;\"><em>Con los ejercicios se entrena gradualmente la musculatura que interviene en la fonaci\u00f3n para poder coordinarla y as\u00ed obtener la respiraci\u00f3n, emisi\u00f3n de sonidos, resonancias,\u00a0fon\u00e9tica y prosodia que se desea.<\/em><\/span>[\/vc_column_text][\/vc_tab][vc_tab icon_pack=\u00bbfont_elegant\u00bb fe_icon=\u00bb\u00bb title=\u00bbNIVEL\u00bb tab_id=\u00bb1459260256423-2-4&#8243;][vc_column_text]<span style=\"color: #173c4f;\"><em>El nivel se\u00a0adapta a las necesidades y capacidades de cada uno de los participantes.<\/em><\/span><\/p>\n<p><span style=\"color: #173c4f;\"><em>Las clases se imparten en ingl\u00e9s, espa\u00f1ol, italiano y catal\u00e1n.<\/em><\/span>[\/vc_column_text][\/vc_tab][vc_tab icon_pack=\u00bbfont_awesome\u00bb fa_icon=\u00bb\u00bb title=\u00bbSESIONES\u00bb tab_id=\u00bb1459260912937-4-4&#8243;][vc_column_text]<span style=\"color: #173c4f;\"><em>Se imparten\u00a0sesiones individuales y talleres para grupos reducidos.<\/em><\/span>[\/vc_column_text][\/vc_tab][\/vc_tabs][vc_separator type=\u00bbnormal\u00bb color=\u00bb#201a3e\u00bb border_style=\u00bbdotted\u00bb][\/vc_column][vc_column width=\u00bb1\/3&#8243;][vc_separator type=\u00bbtransparent\u00bb up=\u00bb20&#8243; down=\u00bb20&#8243;][vc_column_text]<\/p>\n<h4><span style=\"color: #9a7d0a;\">VOCAL COACH<\/span><\/h4>\n<p>&nbsp;<\/p>\n<h5><span style=\"color: #173c4f;\"><span class=\"\">Es apasionante el proceso de formaci\u00f3n constante que desarrollo como cantante<\/span><span class=\"\">. Y desde luego aprendo de mis alumnos en la misma\u00a0medida que ense\u00f1o.<\/span><\/span><\/h5>\n<p>&nbsp;<\/p>\n<h5><span style=\"color: #173c4f;\">Es un placer compartir mis experiencias y conocimientos contigo. Mi misi\u00f3n no es solo transmitirte conocimientos o informaciones t\u00e9cnicas, sino acompa\u00f1arte, guiarte, apoyarte y motivarte interaccionando con tu personalidad, ideas, deseos y valores, para realizar tu sue\u00f1o.<\/span><\/h5>\n<h5><span style=\"color: #173c4f;\">\u00a0<\/span><\/h5>\n<h5><span class=\"\" style=\"color: #173c4f;\">Pero no olvides lo m\u00e1s importante: ser\u00e1s tu mismo quien realmente va a lograrlo.<\/span><\/h5>\n<h5><span style=\"color: #173c4f;\">\u00a0<\/span><\/h5>\n<p>[\/vc_column_text][vc_separator type=\u00bbtransparent\u00bb up=\u00bb20&#8243; down=\u00bb20&#8243;][\/vc_column][\/vc_row][vc_row row_type=\u00bbrow\u00bb use_row_as_full_screen_section=\u00bbno\u00bb type=\u00bbfull_width\u00bb oblique_section=\u00bbno\u00bb text_align=\u00bbleft\u00bb triangle_shape=\u00bbno\u00bb css_animation=\u00bb\u00bb box_shadow_on_row=\u00bbno\u00bb][vc_column width=\u00bb1\/3&#8243;][vc_separator type=\u00bbtransparent\u00bb][vc_video link=\u00bbhttps:\/\/vimeo.com\/100794870&#8243;][vc_separator type=\u00bbnormal\u00bb color=\u00bb#201a3e\u00bb border_style=\u00bbdotted\u00bb up=\u00bb20&#8243; down=\u00bb20&#8243;][\/vc_column][vc_column width=\u00bb1\/3&#8243;][\/vc_column][vc_column width=\u00bb1\/3&#8243;][\/vc_column][\/vc_row]<\/p>\n","protected":false},"excerpt":{"rendered":"<p>[vc_row row_type=\u00bbrow\u00bb use_row_as_full_screen_section=\u00bbno\u00bb type=\u00bbfull_width\u00bb oblique_section=\u00bbno\u00bb text_align=\u00bbleft\u00bb triangle_shape=\u00bbno\u00bb css_animation=\u00bb\u00bb box_shadow_on_row=\u00bbno\u00bb css=\u00bb.vc_custom_1411479622940{padding-top: 10px !important;padding-bottom: 10px !important;background-color: #ededed !important;background-position: center !important;background-repeat: no-repeat !important;background-size: cover !important;}\u00bb][vc_column width=\u00bb2\/3&#8243;][vc_empty_space height=\u00bb50&#8243; image_repeat=\u00bbno-repeat\u00bb][vc_single_image image=\u00bb52490&#8243; img_size=\u00bb780&#215;360&#8243; edgt_css_animation=\u00bb\u00bb][vc_separator type=\u00bbnormal\u00bb color=\u00bb#6c6965&#8243; border_style=\u00bbdotted\u00bb up=\u00bb20&#8243; down=\u00bb20&#8243;][vc_tabs style=\u00bbhorizontal_left\u00bb tab_type_default=\u00bbwith_borders\u00bb border_type_default=\u00bbborder_arround_active_tab\u00bb space_between_tab_and_content=\u00bb18 px\u00bb][vc_tab icon_pack=\u00bbfont_elegant\u00bb fe_icon=\u00bb\u00bb title=\u00bbPARA QUIEN\u00bb tab_id=\u00bb7a6cc311-2c26-8&#8243;][vc_column_text] Para profesionales&#8230;<\/p>\n","protected":false},"author":2,"featured_media":0,"parent":0,"menu_order":0,"comment_status":"closed","ping_status":"closed","template":"","meta":{"footnotes":""},"class_list":["post-50992","page","type-page","status-publish","hentry"],"_links":{"self":[{"href":"https:\/\/isabelricciardi.com\/es\/wp-json\/wp\/v2\/pages\/50992","targetHints":{"allow":["GET"]}}],"collection":[{"href":"https:\/\/isabelricciardi.com\/es\/wp-json\/wp\/v2\/pages"}],"about":[{"href":"https:\/\/isabelricciardi.com\/es\/wp-json\/wp\/v2\/types\/page"}],"author":[{"embeddable":true,"href":"https:\/\/isabelricciardi.com\/es\/wp-json\/wp\/v2\/users\/2"}],"replies":[{"embeddable":true,"href":"https:\/\/isabelricciardi.com\/es\/wp-json\/wp\/v2\/comments?post=50992"}],"version-history":[{"count":90,"href":"https:\/\/isabelricciardi.com\/es\/wp-json\/wp\/v2\/pages\/50992\/revisions"}],"predecessor-version":[{"id":52984,"href":"https:\/\/isabelricciardi.com\/es\/wp-json\/wp\/v2\/pages\/50992\/revisions\/52984"}],"wp:attachment":[{"href":"https:\/\/isabelricciardi.com\/es\/wp-json\/wp\/v2\/media?parent=50992"}],"curies":[{"name":"wp","href":"https:\/\/api.w.org\/{rel}","templated":true}]}}