{"id":51013,"date":"2016-03-29T14:38:21","date_gmt":"2016-03-29T14:38:21","guid":{"rendered":"http:\/\/temporal.isabelricciardi.com\/?page_id=51013"},"modified":"2018-12-03T19:29:44","modified_gmt":"2018-12-03T19:29:44","slug":"abanico-de-conciertos-portfolio","status":"publish","type":"page","link":"https:\/\/isabelricciardi.com\/es\/abanico-de-conciertos\/","title":{"rendered":"ABANICO DE CONCIERTOS (Portfolio)"},"content":{"rendered":"<p>[vc_row row_type=\u00bbrow\u00bb use_row_as_full_screen_section=\u00bbno\u00bb type=\u00bbfull_width\u00bb oblique_section=\u00bbno\u00bb text_align=\u00bbleft\u00bb triangle_shape=\u00bbno\u00bb css_animation=\u00bb\u00bb box_shadow_on_row=\u00bbno\u00bb css=\u00bb.vc_custom_1411479622940{padding-top: 10px !important;padding-bottom: 10px !important;background-color: #ededed !important;background-position: center !important;background-repeat: no-repeat !important;background-size: cover !important;}\u00bb][vc_column width=\u00bb2\/3&#8243;][vc_empty_space height=\u00bb50px\u00bb image_repeat=\u00bbno-repeat\u00bb][vc_single_image image=\u00bb52536&#8243; img_size=\u00bb800&#215;400&#8243; edgt_css_animation=\u00bb\u00bb][\/vc_column][vc_column width=\u00bb1\/3&#8243;][vc_empty_space height=\u00bb50px\u00bb image_repeat=\u00bbno-repeat\u00bb][vc_column_text]<\/p>\n<h4><span style=\"color: #9a7d0a;\">ABANICO DE CONCIERTOS<\/span><\/h4>\n<p>&nbsp;<\/p>\n<h5><span style=\"color: #173c4f;\">Cada fiesta es \u00fanica.\u00a0Por ello elijo con gran cuidado y atenci\u00f3n el repertorio para interpretar seg\u00fan vuestros deseos.<\/span><\/h5>\n<p>&nbsp;<\/p>\n<h5><span style=\"color: #173c4f;\">He aqu\u00ed a modo de ejemplo, algunas propuestas de conciertos llenos de magia y misterio.<\/span><\/h5>\n<h5><span style=\"color: #173c4f;\">\u00a0<\/span><\/h5>\n<p>[\/vc_column_text][\/vc_column][\/vc_row][vc_row row_type=\u00bbrow\u00bb use_row_as_full_screen_section=\u00bbno\u00bb type=\u00bbfull_width\u00bb oblique_section=\u00bbno\u00bb text_align=\u00bbleft\u00bb triangle_shape=\u00bbno\u00bb css_animation=\u00bb\u00bb box_shadow_on_row=\u00bbno\u00bb][vc_column][vc_separator type=\u00bbnormal\u00bb color=\u00bb#6c6965&#8243; border_style=\u00bbdotted\u00bb up=\u00bb20&#8243; down=\u00bb20&#8243;][\/vc_column][\/vc_row][vc_row row_type=\u00bbrow\u00bb use_row_as_full_screen_section=\u00bbno\u00bb type=\u00bbfull_width\u00bb oblique_section=\u00bbno\u00bb text_align=\u00bbleft\u00bb triangle_shape=\u00bbno\u00bb css_animation=\u00bb\u00bb box_shadow_on_row=\u00bbno\u00bb][vc_column][vc_tabs style=\u00bbhorizontal\u00bb tab_type_default=\u00bbwith_borders\u00bb border_type_default=\u00bbborder_arround_active_tab\u00bb][vc_tab icon_pack=\u00bbfont_elegant\u00bb fe_icon=\u00bb\u00bb title=\u00bbCaf\u00e9 Novecento\u00bb tab_id=\u00bb1543864906442-0-2&#8243;][vc_column_text]<\/p>\n<h5 style=\"text-align: left;\"><span style=\"color: #173c4f;\">Imag\u00ednese un elegante sal\u00f3n en un palacio de Roma a mediados del siglo XX, donde una fiesta privada reune personalidades de la vida social internacional,\u00a0reunidos para disfrutar los l\u00e1seres de la Dolce Vita. Entre los invitados hay una famosa soprano, que junto a un piano, embelesa con su voz a los invitados cantando las melod\u00edas m\u00e1s conocidas de la \u00e9poca, combinando \u00f3pera, zarzuela, canci\u00f3n europea y americana. \u00bfDesea pues adentrarse en esta recreaci\u00f3n?<\/span><\/h5>\n<p>[\/vc_column_text][\/vc_tab][vc_tab icon_pack=\u00bbfont_awesome\u00bb fa_icon=\u00bb\u00bb title=\u00bb\u00d3pera seducci\u00f3n\u00bb tab_id=\u00bb1543864906732-0-8&#8243;][vc_column_text]<\/p>\n<h5 style=\"text-align: left;\"><span style=\"color: #173c4f;\">Una combinaci\u00f3n de rom\u00e1nticas, picarescas y dulces piezas musicales que exaltan el amor con una gran elegancia sensual y sentimental.<\/span><\/h5>\n<p>[\/vc_column_text][\/vc_tab][vc_tab icon_pack=\u00bbfont_awesome\u00bb fa_icon=\u00bb\u00bb title=\u00bb\u00d3pera Gala\u00bb tab_id=\u00bb1543864907036-0-8&#8243;][vc_column_text]<\/p>\n<h5 style=\"text-align: left;\"><span style=\"color: #173c4f;\">Lujo explosivo de arias emblem\u00e1ticas de la historia de la \u00f3pera: Mozart, Puccini, Bizet, Verdi,. . .\u00a0<\/span><\/h5>\n<p>[\/vc_column_text][\/vc_tab][vc_tab icon_pack=\u00bbfont_awesome\u00bb fa_icon=\u00bb\u00bb title=\u00bbUna \u00f3pera compuesta para ti\u00bb tab_id=\u00bb1543864907358-0-8&#8243;][vc_column_text]<\/p>\n<h5 style=\"text-align: left;\"><span style=\"color: #173c4f;\">Arias de \u00f3pera para contar tu relato: vivencias importantes, vuestro amor, la historia de tu empresa,. . .\u00a0<\/span><\/h5>\n<p>[\/vc_column_text][\/vc_tab][vc_tab icon_pack=\u00bbfont_awesome\u00bb fa_icon=\u00bb\u00bb title=\u00bb\u00d3pera Broadway\u00bb tab_id=\u00bb1543864907673-0-0&#8243;][vc_column_text]<\/p>\n<h5 style=\"text-align: left;\"><span style=\"color: #173c4f;\">\u00bfQu\u00e9 os parece vibrar de emoci\u00f3n recordando las canciones m\u00e1s famosas del cine que han acompa\u00f1ado nuestra vida?<\/span><\/h5>\n<p>[\/vc_column_text][\/vc_tab][vc_tab icon_pack=\u00bbfont_awesome\u00bb fa_icon=\u00bb\u00bb title=\u00bbMemorias de Navidad\u00bb tab_id=\u00bb1543864908029-0-0&#8243;][vc_separator type=\u00bbnormal\u00bb][vc_column_text]<\/p>\n<h5 style=\"text-align: left;\"><span style=\"color: #173c4f;\">Piezas entra\u00f1ables que nunca pueden faltar en esta cita anual. Los cl\u00e1sicos Ave Mar\u00eda, Adeste Fideles, Aleluya \u00f3 Panis Angelicus, convinados con entra\u00f1ables villancicos.<\/span><\/h5>\n<p>[\/vc_column_text][\/vc_tab][\/vc_tabs][\/vc_column][\/vc_row][vc_row row_type=\u00bbrow\u00bb use_row_as_full_screen_section=\u00bbno\u00bb type=\u00bbfull_width\u00bb oblique_section=\u00bbno\u00bb text_align=\u00bbleft\u00bb triangle_shape=\u00bbno\u00bb css_animation=\u00bb\u00bb box_shadow_on_row=\u00bbno\u00bb][vc_column][vc_separator type=\u00bbnormal\u00bb color=\u00bb#6c6965&#8243; border_style=\u00bbdotted\u00bb up=\u00bb20&#8243; down=\u00bb20&#8243;][\/vc_column][\/vc_row]<\/p>\n","protected":false},"excerpt":{"rendered":"<p>[vc_row row_type=\u00bbrow\u00bb use_row_as_full_screen_section=\u00bbno\u00bb type=\u00bbfull_width\u00bb oblique_section=\u00bbno\u00bb text_align=\u00bbleft\u00bb triangle_shape=\u00bbno\u00bb css_animation=\u00bb\u00bb box_shadow_on_row=\u00bbno\u00bb css=\u00bb.vc_custom_1411479622940{padding-top: 10px !important;padding-bottom: 10px !important;background-color: #ededed !important;background-position: center !important;background-repeat: no-repeat !important;background-size: cover !important;}\u00bb][vc_column width=\u00bb2\/3&#8243;][vc_empty_space height=\u00bb50px\u00bb image_repeat=\u00bbno-repeat\u00bb][vc_single_image image=\u00bb52536&#8243; img_size=\u00bb800&#215;400&#8243; edgt_css_animation=\u00bb\u00bb][\/vc_column][vc_column width=\u00bb1\/3&#8243;][vc_empty_space height=\u00bb50px\u00bb image_repeat=\u00bbno-repeat\u00bb][vc_column_text] ABANICO DE CONCIERTOS &nbsp; Cada fiesta es \u00fanica.\u00a0Por ello elijo con gran cuidado y&#8230;<\/p>\n","protected":false},"author":2,"featured_media":0,"parent":0,"menu_order":0,"comment_status":"closed","ping_status":"closed","template":"","meta":{"footnotes":""},"class_list":["post-51013","page","type-page","status-publish","hentry"],"_links":{"self":[{"href":"https:\/\/isabelricciardi.com\/es\/wp-json\/wp\/v2\/pages\/51013","targetHints":{"allow":["GET"]}}],"collection":[{"href":"https:\/\/isabelricciardi.com\/es\/wp-json\/wp\/v2\/pages"}],"about":[{"href":"https:\/\/isabelricciardi.com\/es\/wp-json\/wp\/v2\/types\/page"}],"author":[{"embeddable":true,"href":"https:\/\/isabelricciardi.com\/es\/wp-json\/wp\/v2\/users\/2"}],"replies":[{"embeddable":true,"href":"https:\/\/isabelricciardi.com\/es\/wp-json\/wp\/v2\/comments?post=51013"}],"version-history":[{"count":83,"href":"https:\/\/isabelricciardi.com\/es\/wp-json\/wp\/v2\/pages\/51013\/revisions"}],"predecessor-version":[{"id":52884,"href":"https:\/\/isabelricciardi.com\/es\/wp-json\/wp\/v2\/pages\/51013\/revisions\/52884"}],"wp:attachment":[{"href":"https:\/\/isabelricciardi.com\/es\/wp-json\/wp\/v2\/media?parent=51013"}],"curies":[{"name":"wp","href":"https:\/\/api.w.org\/{rel}","templated":true}]}}