{"id":51046,"date":"2016-03-29T17:00:11","date_gmt":"2016-03-29T17:00:11","guid":{"rendered":"http:\/\/temporal.isabelricciardi.com\/?page_id=51046"},"modified":"2023-03-09T16:33:40","modified_gmt":"2023-03-09T16:33:40","slug":"sobre-mi-ver-mas","status":"publish","type":"page","link":"https:\/\/isabelricciardi.com\/es\/curriculum\/","title":{"rendered":"CURR\u00cdCULUM"},"content":{"rendered":"<p>[vc_row row_type=\u00bbrow\u00bb use_row_as_full_screen_section=\u00bbyes\u00bb type=\u00bbfull_width\u00bb header_style=\u00bblight\u00bb oblique_section=\u00bbno\u00bb text_align=\u00bbleft\u00bb triangle_shape=\u00bbno\u00bb css_animation=\u00bb\u00bb box_shadow_on_row=\u00bbno\u00bb css=\u00bb.vc_custom_1411479622940{padding-top: 10px !important;padding-bottom: 10px !important;background-color: #ededed !important;background-position: center !important;background-repeat: no-repeat !important;background-size: cover !important;}\u00bb][vc_column width=\u00bb1\/2&#8243;][vc_single_image image=\u00bb52656&#8243; img_size=\u00bbfull\u00bb alignment=\u00bbcenter\u00bb edgt_css_animation=\u00bb\u00bb][\/vc_column][vc_column width=\u00bb1\/2&#8243; css=\u00bb.vc_custom_1468348758161{padding-right: 50px !important;}\u00bb][vc_empty_space height=\u00bb100&#8243; image_repeat=\u00bbno-repeat\u00bb][vc_separator type=\u00bbnormal\u00bb color=\u00bb#173c4f\u00bb border_style=\u00bbdotted\u00bb up=\u00bb20&#8243; down=\u00bb20&#8243;][vc_column_text]<\/p>\n<p style=\"text-align: left;\"><span style=\"color: #173c4f;\">Nac\u00ed cerca de Barcelona donde\u00a0empec\u00e9 mis estudios musicales.\u00a0Con los a\u00f1os obtuve titulaciones del Conservatorio del Liceo. Estudi\u00e9 Derecho y trabaj\u00e9 como funcionaria en el Gobierno, hasta que un d\u00eda\u00a0decid\u00ed abandonar todo para emprender el estudio del <em>bel canto<\/em>, mi vocaci\u00f3n.\u00a0Desde entonces la continua formaci\u00f3n art\u00edstica de la voz es siempre parte esencial de mi desarrollo como int\u00e9rprete.<\/span><\/p>\n<p>[\/vc_column_text][vc_separator type=\u00bbtransparent\u00bb border_style=\u00bbdotted\u00bb][vc_column_text]<\/p>\n<p style=\"text-align: left;\"><span style=\"color: #173c4f;\">Viaj\u00e9 a\u00a0Florencia para aprender t\u00e9cnicas de canto con el bar\u00edtono Gino Bechi y la soprano\u00a0Margherita Rinaldi; perfeccion\u00e9 dichas t\u00e9cnicas en <em>Master Class<\/em> de\u00a0cantantes de nivel internacional como Leo Nucci, Victoria de los \u00c1ngeles y Carlo Bergonzi; con Palma Toscani, maestra de la <em>Manhattan School<\/em> de Nueva York, estudi\u00e9 dicci\u00f3n y expresi\u00f3n art\u00edstica;\u00a0particip\u00e9\u00a0\u00a0en cursos especiales de est\u00e9tica y ornamentaci\u00f3n barroca en el <em>Centre de Musique Anncienne <\/em>de Ginebra. El\u00a0inter\u00e9s\u00a0por la pedagog\u00eda de la voz me\u00a0llev\u00f3 a participar en el V Congreso\u00a0Internacional de Voz Art\u00edstica en R\u00e1vena 2009,\u00a0desde entonces, he seguido las novedades y aportaciones cient\u00edficas de \u00e9ste y otros foros.<br \/>\n<\/span><\/p>\n<p>[\/vc_column_text][vc_separator type=\u00bbtransparent\u00bb border_style=\u00bbdotted\u00bb][vc_column_text]<\/p>\n<p style=\"text-align: left;\"><span style=\"color: #173c4f;\">He cantado en l<\/span>ugares emblem\u00e1ticos de la l\u00edrica en <strong>Italia:<\/strong>\u00a0<span style=\"color: #173c4f;\">Mil\u00e1n, Venecia, Florencia, Roma, Cremona, Prato, Cortona, Viareggio, Pisa, Bolonia; en\u00a0<strong>Espa\u00f1a:\u00a0<\/strong>Palacio de la M\u00fasica Catalana de Barcelona, Auditorio Pau Casals de Tarragona, Kursaal en San Sebasti\u00e1n, Teatro Fraga de Vigo; en\u00a0<strong>Francia:\u00a0<\/strong>Festival de Sarrebourg, Festival Barroco de Ambronay, Opera de Lyon; en\u00a0<strong>Suiza:\u00a0<\/strong>Ginebra, Loussanne; en\u00a0<strong>Holanda:\u00a0<\/strong>\u00dctrecht, Amsterdam, bajo la direcci\u00f3n de maestros como F.M. Martini, Bruno Rigacci, Simone Perugini, Gabriel Garrido, Leonardo Marzagalia, Piero Bellucci, Marco Vavolo, Alberto Nanetti, Oriol Martorell, Llu\u00eds Vila, Francesc Guillem, y las orquestas <em>Ensemble Elyma, Florence Symphoniette,<\/em> Orquesta de la Toscana, Orquesta de Verona, Orquesta del Teatro Regio de\u00a0Parma y Orquesta Sinf\u00f3nica del Vall\u00e9s.<\/span><\/p>\n<p>[\/vc_column_text][vc_separator type=\u00bbtransparent\u00bb border_style=\u00bbdotted\u00bb][vc_column_text]<span style=\"color: #173c4f;\">Tuve el honor de representar a Espa\u00f1a cantando en la \u00a0<\/span>celebraci\u00f3n de\u00a0apertura de\u00a0<span style=\"color: #173c4f; line-height: 1.5;\">los\u00a0<\/span><strong style=\"color: #173c4f; line-height: 1.5;\">Juegos Ol\u00edmpicos de Calgary.<\/strong><span style=\"color: #173c4f; line-height: 1.5;\">\u00a0Tambi\u00e9n trabaj\u00e9 en conciertos y spots publicitarios para <\/span><em style=\"color: #173c4f; line-height: 1.5;\">Coca-Cola Company<\/em><span style=\"color: #173c4f; line-height: 1.5;\"> en los Estados Unidos y Canad\u00e1, donde tuve mis primeras experiencias en el teatro musical americano, principalmente de George Gershwin y Lloyd Webber.\u00a0He grabado para las televisiones espa\u00f1ola, catalana, y la americana NBC, radios de Catalunya M\u00fasica, France 2, Klassik Nederlands.<\/span>[\/vc_column_text][vc_separator type=\u00bbtransparent\u00bb border_style=\u00bbdotted\u00bb][vc_column_text]<span style=\"color: #173c4f;\">En el a\u00f1o 2012 cre\u00e9 el espect\u00e1culo <b>\u201cZarzuela in Kabaret\u201d <\/b>en el que doy a\u00a0conocer rasgos de la historia del teatro musical espa\u00f1ol y sudamericano,\u00a0valorando su esencia singular, erudita, prol\u00edfica, popular y c\u00e9lebre, y analizo\u00a0los prejuicios culturales y sociales que la han perjudicado despu\u00e9s de\u00a0cuatrocientos a\u00f1os de existencia.<\/span>[\/vc_column_text][vc_separator type=\u00bbnormal\u00bb color=\u00bb#173c4f\u00bb border_style=\u00bbdotted\u00bb up=\u00bb20&#8243; down=\u00bb20&#8243;][\/vc_column][\/vc_row][vc_row row_type=\u00bbrow\u00bb use_row_as_full_screen_section=\u00bbno\u00bb type=\u00bbfull_width\u00bb oblique_section=\u00bbno\u00bb text_align=\u00bbleft\u00bb triangle_shape=\u00bbno\u00bb css_animation=\u00bb\u00bb box_shadow_on_row=\u00bbno\u00bb][vc_column][\/vc_column][\/vc_row]<\/p>\n","protected":false},"excerpt":{"rendered":"<p>[vc_row row_type=\u00bbrow\u00bb use_row_as_full_screen_section=\u00bbyes\u00bb type=\u00bbfull_width\u00bb header_style=\u00bblight\u00bb oblique_section=\u00bbno\u00bb text_align=\u00bbleft\u00bb triangle_shape=\u00bbno\u00bb css_animation=\u00bb\u00bb box_shadow_on_row=\u00bbno\u00bb css=\u00bb.vc_custom_1411479622940{padding-top: 10px !important;padding-bottom: 10px !important;background-color: #ededed !important;background-position: center !important;background-repeat: no-repeat !important;background-size: cover !important;}\u00bb][vc_column width=\u00bb1\/2&#8243;][vc_single_image image=\u00bb52656&#8243; img_size=\u00bbfull\u00bb alignment=\u00bbcenter\u00bb edgt_css_animation=\u00bb\u00bb][\/vc_column][vc_column width=\u00bb1\/2&#8243; css=\u00bb.vc_custom_1468348758161{padding-right: 50px !important;}\u00bb][vc_empty_space height=\u00bb100&#8243; image_repeat=\u00bbno-repeat\u00bb][vc_separator type=\u00bbnormal\u00bb color=\u00bb#173c4f\u00bb border_style=\u00bbdotted\u00bb up=\u00bb20&#8243; down=\u00bb20&#8243;][vc_column_text] Nac\u00ed cerca de Barcelona donde\u00a0empec\u00e9 mis&#8230;<\/p>\n","protected":false},"author":2,"featured_media":0,"parent":0,"menu_order":0,"comment_status":"closed","ping_status":"closed","template":"full_width.php","meta":{"footnotes":""},"class_list":["post-51046","page","type-page","status-publish","hentry"],"_links":{"self":[{"href":"https:\/\/isabelricciardi.com\/es\/wp-json\/wp\/v2\/pages\/51046","targetHints":{"allow":["GET"]}}],"collection":[{"href":"https:\/\/isabelricciardi.com\/es\/wp-json\/wp\/v2\/pages"}],"about":[{"href":"https:\/\/isabelricciardi.com\/es\/wp-json\/wp\/v2\/types\/page"}],"author":[{"embeddable":true,"href":"https:\/\/isabelricciardi.com\/es\/wp-json\/wp\/v2\/users\/2"}],"replies":[{"embeddable":true,"href":"https:\/\/isabelricciardi.com\/es\/wp-json\/wp\/v2\/comments?post=51046"}],"version-history":[{"count":108,"href":"https:\/\/isabelricciardi.com\/es\/wp-json\/wp\/v2\/pages\/51046\/revisions"}],"predecessor-version":[{"id":52838,"href":"https:\/\/isabelricciardi.com\/es\/wp-json\/wp\/v2\/pages\/51046\/revisions\/52838"}],"wp:attachment":[{"href":"https:\/\/isabelricciardi.com\/es\/wp-json\/wp\/v2\/media?parent=51046"}],"curies":[{"name":"wp","href":"https:\/\/api.w.org\/{rel}","templated":true}]}}