{"id":63,"date":"2015-01-28T07:46:04","date_gmt":"2015-01-28T07:46:04","guid":{"rendered":"http:\/\/demo.edge-themes.com\/vigor6\/?page_id=2"},"modified":"2023-03-09T13:11:30","modified_gmt":"2023-03-09T13:11:30","slug":"trayectoria","status":"publish","type":"page","link":"https:\/\/isabelricciardi.com\/es\/trayectoria\/","title":{"rendered":"TRAYECTORIA"},"content":{"rendered":"<p>[vc_row row_type=\u00bbrow\u00bb use_row_as_full_screen_section=\u00bbno\u00bb type=\u00bbfull_width\u00bb oblique_section=\u00bbno\u00bb text_align=\u00bbleft\u00bb triangle_shape=\u00bbno\u00bb css_animation=\u00bb\u00bb box_shadow_on_row=\u00bbno\u00bb][vc_column][no_vertical_split_slider background_color=\u00bb#fff8dc\u00bb][no_vertical_left_sliding_panel][no_vertical_slide_content_item background_image=\u00bb52718&#8243; item_padding=\u00bb200&#215;400&#8243; alignment=\u00bbcenter\u00bb header_style=\u00bbdark\u00bb aligment=\u00bbright\u00bb][\/no_vertical_slide_content_item][no_vertical_slide_content_item background_color=\u00bb#fff8dc\u00bb alignment=\u00bbleft\u00bb header_style=\u00bbdark\u00bb aligment=\u00bbleft\u00bb][no_elements_holder number_of_columns=\u00bbone_column\u00bb][no_elements_holder_item item_padding=\u00bb30px 200px 30px 70px\u00bb aligment=\u00bbleft\u00bb vertical_alignment=\u00bbmiddle\u00bb advanced_animations=\u00bbno\u00bb item_padding_1000_1300=\u00bb30px 70px 30px 70px\u00bb item_padding_768_1000=\u00bb30px 50px 30px 50px\u00bb item_padding_600_768=\u00bb30px 50px 30px 50px\u00bb item_padding_480_600=\u00bb30px 50px 30px 50px\u00bb item_padding_480=\u00bb30px 40px 30px 40px\u00bb][vc_separator type=\u00bbsmall\u00bb position=\u00bbleft\u00bb color=\u00bb#173c4f\u00bb border_style=\u00bbdotted\u00bb width=\u00bb200&#8243; up=\u00bb20&#8243; down=\u00bb20&#8243;][vc_column_text]<\/p>\n<h4><span style=\"color: #9a7d0a;\">CONCIERTOS<\/span><\/h4>\n<p>[\/vc_column_text][vc_separator type=\u00bbtransparent\u00bb up=\u00bb20&#8243; down=\u00bb20&#8243;][vc_column_text]<\/p>\n<h5><span style=\"color: #173c4f;\"><strong><em>Recitales rom\u00e1nticos<\/em><\/strong><\/span><\/h5>\n<h5><span style=\"color: #173c4f;\"><strong><em>Arias de zarzuela<\/em><\/strong><\/span><\/h5>\n<h5><span style=\"color: #173c4f;\"><strong><em>Conciertos de Navidad<\/em><\/strong><\/span><\/h5>\n<h5><span style=\"color: #173c4f;\"><strong><em>M\u00fasica de c\u00e1mara<\/em><\/strong><\/span><\/h5>\n<h5><span style=\"color: #173c4f;\">\u00a0<\/span><\/h5>\n<p>[\/vc_column_text][vc_separator type=\u00bbtransparent\u00bb up=\u00bb20&#8243; down=\u00bb20&#8243;]<a href=\"https:\/\/isabelricciardi.com\/es\/conciertos\/\" target=\"_self\" data-hover-background-color=#fff8dc data-hover-color=#173c4f  class=\"qbutton  small icon_right\" style=\"color: #173c4f; \">Leer M\u00e1s<\/a>[\/no_elements_holder_item][\/no_elements_holder][\/no_vertical_slide_content_item][no_vertical_slide_content_item background_image=\u00bb52720&#8243; item_padding=\u00bb100&#215;200&#8243; alignment=\u00bbcenter\u00bb header_style=\u00bbdark\u00bb aligment=\u00bbleft\u00bb][\/no_vertical_slide_content_item][\/no_vertical_left_sliding_panel][no_vertical_right_sliding_panel][no_vertical_slide_content_item background_color=\u00bb#fff8dc\u00bb alignment=\u00bbcenter\u00bb header_style=\u00bblight\u00bb aligment=\u00bbleft\u00bb][vc_separator type=\u00bbtransparent\u00bb up=\u00bb20&#8243; down=\u00bb20&#8243;][no_elements_holder number_of_columns=\u00bbone_column\u00bb][no_elements_holder_item item_padding=\u00bb30px 200px 30px 70px\u00bb aligment=\u00bbleft\u00bb vertical_alignment=\u00bbmiddle\u00bb advanced_animations=\u00bbno\u00bb item_padding_1000_1300=\u00bb30px 70px 30px 70px\u00bb item_padding_768_1000=\u00bb30px 50px 30px 50px\u00bb item_padding_600_768=\u00bb30px 50px 30px 50px\u00bb item_padding_480_600=\u00bb30px 50px 30px 50px\u00bb item_padding_480=\u00bb30px 40px 30px 40px\u00bb][vc_separator type=\u00bbsmall\u00bb position=\u00bbleft\u00bb color=\u00bb#201a3e\u00bb border_style=\u00bbdotted\u00bb width=\u00bb160&#8243; up=\u00bb20&#8243; down=\u00bb20&#8243;][vc_column_text]<\/p>\n<h4 style=\"text-align: left;\"><span style=\"color: #9a7d0a;\">SOBRE MI<\/span><\/h4>\n<p>[\/vc_column_text][vc_separator type=\u00bbtransparent\u00bb border_style=\u00bbdashed\u00bb up=\u00bb20&#8243; down=\u00bb20&#8243;][vc_column_text]<span style=\"color: #173c4f;\">Dicen que empec\u00e9 a cantar antes que a hablar.\u00a0Quiz\u00e1s exageran, pero lo cierto es que para mi cantar es una manera de ser en el mundo\u2026<\/span>[\/vc_column_text][vc_separator type=\u00bbtransparent\u00bb border_style=\u00bbdashed\u00bb up=\u00bb10&#8243; down=\u00bb10&#8243;][vc_column_text]<\/p>\n<p style=\"text-align: left;\"><span style=\"color: #173c4f;\">Desarrollar la voz es una aventura apasionante que necesita de un estudio disciplinado, complejo y constante.\u00a0Con el paso del tiempo mi timbre de voz ha ido evolucionando\u00a0de soprano l\u00edrico-ligero a l\u00edrico.<\/span><\/p>\n<p>[\/vc_column_text][vc_separator type=\u00bbtransparent\u00bb border_style=\u00bbdashed\u00bb up=\u00bb10&#8243; down=\u00bb10&#8243;][vc_column_text]<\/p>\n<p style=\"text-align: left;\"><span style=\"color: #173c4f;\">La cr\u00edtica musical me define elegante, dulce, sofisticada y camale\u00f3nica\u2026<\/span><\/p>\n<p>[\/vc_column_text][vc_separator type=\u00bbtransparent\u00bb border_style=\u00bbdashed\u00bb up=\u00bb20&#8243; down=\u00bb20&#8243;]<a href=\"https:\/\/isabelricciardi.com\/es\/curriculum\/\" target=\"_self\" data-hover-background-color=#fff8dc data-hover-color=#173c4f  class=\"qbutton  small icon_right\" style=\"color: #173c4f; \">Curr\u00edculum<\/a>[\/no_elements_holder_item][\/no_elements_holder][\/no_vertical_slide_content_item][no_vertical_slide_content_item background_image=\u00bb52719&#8243; item_padding=\u00bb400&#215;200&#8243; alignment=\u00bbcenter\u00bb header_style=\u00bbdark\u00bb aligment=\u00bbleft\u00bb][\/no_vertical_slide_content_item][no_vertical_slide_content_item background_color=\u00bb#201a3e\u00bb alignment=\u00bbleft\u00bb header_style=\u00bbdark\u00bb aligment=\u00bbright\u00bb][no_elements_holder number_of_columns=\u00bbone_column\u00bb items_float_left=\u00bbyes\u00bb][no_elements_holder_item item_padding=\u00bb30px 200px 30px 70px\u00bb aligment=\u00bbleft\u00bb vertical_alignment=\u00bbmiddle\u00bb advanced_animations=\u00bbno\u00bb item_padding_1000_1300=\u00bb30px 70px 30px 70px\u00bb item_padding_768_1000=\u00bb30px 50px 30px 50px\u00bb item_padding_600_768=\u00bb30px 50px 30px 50px\u00bb item_padding_480_600=\u00bb30px 50px 30px 50px\u00bb item_padding_480=\u00bb30px 40px 30px 40px\u00bb][vc_separator type=\u00bbsmall\u00bb position=\u00bbleft\u00bb color=\u00bb#fff8dc\u00bb border_style=\u00bbdotted\u00bb width=\u00bb200&#8243; up=\u00bb20&#8243; down=\u00bb20&#8243;][vc_column_text]<\/p>\n<h4 style=\"text-align: left;\"><span style=\"color: #9a7d0a;\">REPERTORIO<\/span><\/h4>\n<p>[\/vc_column_text][vc_separator type=\u00bbtransparent\u00bb up=\u00bb20&#8243; down=\u00bb20&#8243;][vc_column_text]<\/p>\n<h5><strong><span style=\"color: #fff8dc;\"><em>Euridice, Ninfa, Susanna, Zerlina, Mimi, Cossette, \u2026<\/em><\/span><\/strong><\/h5>\n<p>[\/vc_column_text][vc_separator type=\u00bbtransparent\u00bb up=\u00bb26&#8243; down=\u00bb0&#8243;][vc_column_text]<span style=\"color: #fff8dc;\">Dispongo\u00a0de un vers\u00e1til repertorio\u00a0que abarca los distintos g\u00e9neros musicales de \u00f3pera, m\u00fasica sacra, m\u00fasica de c\u00e1mara, y teatro musical (zarzuela, opereta, musical).<\/span>[\/vc_column_text][vc_separator type=\u00bbtransparent\u00bb up=\u00bb20&#8243; down=\u00bb20&#8243;]<a href=\"https:\/\/isabelricciardi.com\/es\/repertorio-y-rol\/\" target=\"_self\" data-hover-background-color=#201a3e data-hover-color=#fff8dc  class=\"qbutton  small icon_right\" style=\"color: #fff8dc; \">Leer M\u00e1s<\/a>[\/no_elements_holder_item][\/no_elements_holder][\/no_vertical_slide_content_item][\/no_vertical_right_sliding_panel][\/no_vertical_split_slider][\/vc_column][\/vc_row]<\/p>\n","protected":false},"excerpt":{"rendered":"<p>[vc_row row_type=\u00bbrow\u00bb use_row_as_full_screen_section=\u00bbno\u00bb type=\u00bbfull_width\u00bb oblique_section=\u00bbno\u00bb text_align=\u00bbleft\u00bb triangle_shape=\u00bbno\u00bb css_animation=\u00bb\u00bb box_shadow_on_row=\u00bbno\u00bb][vc_column][no_vertical_split_slider background_color=\u00bb#fff8dc\u00bb][no_vertical_left_sliding_panel][no_vertical_slide_content_item background_image=\u00bb52718&#8243; item_padding=\u00bb200&#215;400&#8243; alignment=\u00bbcenter\u00bb header_style=\u00bbdark\u00bb aligment=\u00bbright\u00bb][\/no_vertical_slide_content_item][no_vertical_slide_content_item background_color=\u00bb#fff8dc\u00bb alignment=\u00bbleft\u00bb header_style=\u00bbdark\u00bb aligment=\u00bbleft\u00bb][no_elements_holder number_of_columns=\u00bbone_column\u00bb][no_elements_holder_item item_padding=\u00bb30px 200px 30px 70px\u00bb aligment=\u00bbleft\u00bb vertical_alignment=\u00bbmiddle\u00bb advanced_animations=\u00bbno\u00bb item_padding_1000_1300=\u00bb30px 70px 30px 70px\u00bb item_padding_768_1000=\u00bb30px 50px 30px 50px\u00bb item_padding_600_768=\u00bb30px 50px 30px 50px\u00bb item_padding_480_600=\u00bb30px 50px 30px 50px\u00bb item_padding_480=\u00bb30px 40px&#8230;<\/p>\n","protected":false},"author":2,"featured_media":0,"parent":0,"menu_order":0,"comment_status":"closed","ping_status":"closed","template":"full_width.php","meta":{"footnotes":""},"class_list":["post-63","page","type-page","status-publish","hentry"],"_links":{"self":[{"href":"https:\/\/isabelricciardi.com\/es\/wp-json\/wp\/v2\/pages\/63","targetHints":{"allow":["GET"]}}],"collection":[{"href":"https:\/\/isabelricciardi.com\/es\/wp-json\/wp\/v2\/pages"}],"about":[{"href":"https:\/\/isabelricciardi.com\/es\/wp-json\/wp\/v2\/types\/page"}],"author":[{"embeddable":true,"href":"https:\/\/isabelricciardi.com\/es\/wp-json\/wp\/v2\/users\/2"}],"replies":[{"embeddable":true,"href":"https:\/\/isabelricciardi.com\/es\/wp-json\/wp\/v2\/comments?post=63"}],"version-history":[{"count":377,"href":"https:\/\/isabelricciardi.com\/es\/wp-json\/wp\/v2\/pages\/63\/revisions"}],"predecessor-version":[{"id":53027,"href":"https:\/\/isabelricciardi.com\/es\/wp-json\/wp\/v2\/pages\/63\/revisions\/53027"}],"wp:attachment":[{"href":"https:\/\/isabelricciardi.com\/es\/wp-json\/wp\/v2\/media?parent=63"}],"curies":[{"name":"wp","href":"https:\/\/api.w.org\/{rel}","templated":true}]}}